{"id":39,"date":"2020-03-01T11:45:17","date_gmt":"2020-03-01T09:45:17","guid":{"rendered":"https:\/\/siivikkalannuoret.fi\/?page_id=39"},"modified":"2025-07-28T19:47:22","modified_gmt":"2025-07-28T16:47:22","slug":"yhdistys","status":"publish","type":"page","link":"https:\/\/siivikkalannuoret.fi\/?page_id=39","title":{"rendered":"Yhdistys"},"content":{"rendered":"\t\t<div data-elementor-type=\"wp-page\" data-elementor-id=\"39\" class=\"elementor elementor-39\" data-elementor-post-type=\"page\">\n\t\t\t\t\t\t<section class=\"elementor-section elementor-top-section elementor-element elementor-element-0dbe40d elementor-section-boxed elementor-section-height-default elementor-section-height-default\" data-id=\"0dbe40d\" data-element_type=\"section\">\n\t\t\t\t\t\t<div class=\"elementor-container elementor-column-gap-default\">\n\t\t\t\t\t<div class=\"elementor-column elementor-col-100 elementor-top-column elementor-element elementor-element-14de7c5\" data-id=\"14de7c5\" data-element_type=\"column\">\n\t\t\t<div class=\"elementor-widget-wrap elementor-element-populated\">\n\t\t\t\t\t\t<div class=\"elementor-element elementor-element-6b855ae elementor-widget elementor-widget-text-editor\" data-id=\"6b855ae\" data-element_type=\"widget\" data-widget_type=\"text-editor.default\">\n\t\t\t\t<div class=\"elementor-widget-container\">\n\t\t\t\t\t\t\t<p><span style=\"color: #404248; font-family: Graphik, -apple-system, BlinkMacSystemFont, 'Segoe UI', Helvetica, Arial, sans-serif; font-size: 16px;\">Yhdistyksen toiminnan tarkoitus on tuottaa Siivikkalan koululla lapsille ja nuorille liikunnallista tekemist\u00e4 arki-iltoihin. Tervetuloa siis mukaan kaikki liikkuvat lapset ja nuoret! Siivikkalan Nuoret ry on Setlementtiliiton j\u00e4senyhdistys.<\/span><\/p><p><strong>Siivikkalan Nuoret ry:n hallitus:<\/strong><\/p><p>Puheenjohtaja Maiju P\u00e4rssinen, varapuheenjohtaja Sari Kiviranta, sihteeri Merja Valkama, rahastonhoitaja Matti Laine, Minna Tulijoki, Taija Koivisto, Pia Liinavuori, Heli Salmela ja Janne Toivonen.<\/p><p><strong>Siivikkalan Nuoret ry:n tili: FI93 5537 8040 0006 67. <br \/>Maksaessasi laskuja Siivikkalan Nuorten tilille kerro viestiosassa osallistujan nimi, ryhm\u00e4 ja toimikausi.<\/strong><\/p><p>Yhteydenotot: <br \/>Matti Laine <br \/>0442068776<\/p>\t\t\t\t\t\t<\/div>\n\t\t\t\t<\/div>\n\t\t\t\t\t<\/div>\n\t\t<\/div>\n\t\t\t\t\t<\/div>\n\t\t<\/section>\n\t\t\t\t<\/div>\n\t\t","protected":false},"excerpt":{"rendered":"<p>Yhdistyksen toiminnan tarkoitus on tuottaa Siivikkalan koululla lapsille ja nuorille liikunnallista tekemist\u00e4 arki-iltoihin. Tervetuloa siis mukaan kaikki liikkuvat lapset ja nuoret! Siivikkalan Nuoret ry on Setlementtiliiton j\u00e4senyhdistys. Siivikkalan Nuoret ry:n hallitus: Puheenjohtaja Maiju P\u00e4rssinen, varapuheenjohtaja Sari Kiviranta, sihteeri Merja Valkama, rahastonhoitaja Matti Laine, Minna Tulijoki, Taija Koivisto, Pia Liinavuori, Heli Salmela ja Janne Toivonen. Siivikkalan&hellip;&nbsp;<a href=\"https:\/\/siivikkalannuoret.fi\/?page_id=39\" class=\"\" rel=\"bookmark\">Lue lis\u00e4\u00e4 &raquo;<span class=\"screen-reader-text\">Yhdistys<\/span><\/a><\/p>\n","protected":false},"author":1,"featured_media":0,"parent":0,"menu_order":0,"comment_status":"closed","ping_status":"closed","template":"","meta":{"footnotes":""},"_links":{"self":[{"href":"https:\/\/siivikkalannuoret.fi\/index.php?rest_route=\/wp\/v2\/pages\/39"}],"collection":[{"href":"https:\/\/siivikkalannuoret.fi\/index.php?rest_route=\/wp\/v2\/pages"}],"about":[{"href":"https:\/\/siivikkalannuoret.fi\/index.php?rest_route=\/wp\/v2\/types\/page"}],"author":[{"embeddable":true,"href":"https:\/\/siivikkalannuoret.fi\/index.php?rest_route=\/wp\/v2\/users\/1"}],"replies":[{"embeddable":true,"href":"https:\/\/siivikkalannuoret.fi\/index.php?rest_route=%2Fwp%2Fv2%2Fcomments&post=39"}],"version-history":[{"count":27,"href":"https:\/\/siivikkalannuoret.fi\/index.php?rest_route=\/wp\/v2\/pages\/39\/revisions"}],"predecessor-version":[{"id":604,"href":"https:\/\/siivikkalannuoret.fi\/index.php?rest_route=\/wp\/v2\/pages\/39\/revisions\/604"}],"wp:attachment":[{"href":"https:\/\/siivikkalannuoret.fi\/index.php?rest_route=%2Fwp%2Fv2%2Fmedia&parent=39"}],"curies":[{"name":"wp","href":"https:\/\/api.w.org\/{rel}","templated":true}]}}