{"id":45,"date":"2024-06-01T11:46:16","date_gmt":"2024-06-01T08:46:16","guid":{"rendered":"https:\/\/siivikkalannuoret.fi\/?page_id=45"},"modified":"2026-01-09T11:45:23","modified_gmt":"2026-01-09T09:45:23","slug":"ajankohtaista","status":"publish","type":"page","link":"https:\/\/siivikkalannuoret.fi\/?page_id=45","title":{"rendered":"Ajankohtaista"},"content":{"rendered":"\t\t<div data-elementor-type=\"wp-page\" data-elementor-id=\"45\" class=\"elementor elementor-45\" data-elementor-post-type=\"page\">\n\t\t\t\t\t\t<section class=\"elementor-section elementor-top-section elementor-element elementor-element-1a3dc5e elementor-section-boxed elementor-section-height-default elementor-section-height-default\" data-id=\"1a3dc5e\" data-element_type=\"section\">\n\t\t\t\t\t\t<div class=\"elementor-container elementor-column-gap-default\">\n\t\t\t\t\t<div class=\"elementor-column elementor-col-100 elementor-top-column elementor-element elementor-element-a69a463\" data-id=\"a69a463\" data-element_type=\"column\">\n\t\t\t<div class=\"elementor-widget-wrap elementor-element-populated\">\n\t\t\t\t\t\t<div class=\"elementor-element elementor-element-70fe8f9 elementor-widget elementor-widget-text-editor\" data-id=\"70fe8f9\" data-element_type=\"widget\" data-widget_type=\"text-editor.default\">\n\t\t\t\t<div class=\"elementor-widget-container\">\n\t\t\t\t\t\t\t<h2><strong>Ajankohtaista<\/strong><\/h2><p><strong>Kev\u00e4\u00e4n kerhot!<br \/><br \/>Ryhm\u00e4t alkavat 12.1.2026.<\/strong><\/p><p><strong>Kev\u00e4\u00e4n toimintakausi 12.1.-19.4.2026.\u00a0<br \/><br \/><\/strong><\/p><p><strong>Tutut ryhm\u00e4t jatkavat:<\/strong><\/p><p><strong>MAANANTAISIN 12.1.2026 ALKAEN:<\/strong><\/p><p>o\u00a0\u00a0\u00a0 <strong>Salibandy:<\/strong>klo 16:30-17:30 (8-10v)<\/p><p>o\u00a0\u00a0\u00a0 <strong>Salibandy:<\/strong>klo 17:30-18:30 (5-7v)<\/p><p><strong><br \/>TIISTAISIN 13.1.2026 ALKAEN:<\/strong><\/p><p>o\u00a0\u00a0\u00a0 <strong>Akrojumppa:<\/strong>klo 16:30-17:30 (5-7 v.)<\/p><p>o\u00a0\u00a0\u00a0 <strong>Akrojumppa:<\/strong>klo 17:30-18:30 (6-9 v.)<\/p><p><strong><br \/>TORSTAISIN 15.1.2026 ALKAEN:<\/strong><\/p><p>o\u00a0\u00a0\u00a0 <strong>Temppukoulut:<\/strong>klo 16:55-17:40 (3-4v)<\/p><p>o\u00a0\u00a0\u00a0 <strong>Temppukoulu:<\/strong>klo 17:45-18:30 (5-7v)<\/p><p><strong><br \/>SUNNUNTAISIN 11.1.2026 ALKAEN:<\/strong><\/p><p>o\u00a0\u00a0\u00a0 <strong>Perhesporttis:\u00a0<\/strong>Perhesporttiksessa liikutaan vanhemman vastuulla, salissa voi rakentaa temppuratoja, pelailla ja tutustua eri v\u00e4lineisiin.\u00a0Toiminta on maksutonta. Ei tarvitse ennakkoilmoittautua.\u00a0\u00a0<\/p><p><br \/>Ilmoittautuminen kerhoihin k\u00e4ynniss\u00e4!\u00a0<\/p><p>Palautetta toiminnasta voi antaa:<br \/>matti.laine(at)siivikkalannuoret.fi<\/p>\t\t\t\t\t\t<\/div>\n\t\t\t\t<\/div>\n\t\t\t\t<div class=\"elementor-element elementor-element-91a17ad elementor-widget elementor-widget-image\" data-id=\"91a17ad\" data-element_type=\"widget\" data-widget_type=\"image.default\">\n\t\t\t\t<div class=\"elementor-widget-container\">\n\t\t\t\t\t\t\t\t\t\t\t\t\t<img fetchpriority=\"high\" decoding=\"async\" width=\"745\" height=\"440\" src=\"https:\/\/siivikkalannuoret.fi\/wp-content\/uploads\/2024\/05\/Siivikkalan-Nuoret-ov-rgb.png\" class=\"attachment-large size-large wp-image-281\" alt=\"\" \/>\t\t\t\t\t\t\t\t\t\t\t\t\t<\/div>\n\t\t\t\t<\/div>\n\t\t\t\t\t<\/div>\n\t\t<\/div>\n\t\t\t\t\t<\/div>\n\t\t<\/section>\n\t\t\t\t<section class=\"elementor-section elementor-top-section elementor-element elementor-element-ac185ff elementor-section-boxed elementor-section-height-default elementor-section-height-default\" data-id=\"ac185ff\" data-element_type=\"section\">\n\t\t\t\t\t\t<div class=\"elementor-container elementor-column-gap-default\">\n\t\t\t\t\t<div class=\"elementor-column elementor-col-100 elementor-top-column elementor-element elementor-element-31187db\" data-id=\"31187db\" data-element_type=\"column\">\n\t\t\t<div class=\"elementor-widget-wrap\">\n\t\t\t\t\t\t\t<\/div>\n\t\t<\/div>\n\t\t\t\t\t<\/div>\n\t\t<\/section>\n\t\t\t\t<section class=\"elementor-section elementor-top-section elementor-element elementor-element-0fe3e31 elementor-section-boxed elementor-section-height-default elementor-section-height-default\" data-id=\"0fe3e31\" data-element_type=\"section\">\n\t\t\t\t\t\t<div class=\"elementor-container elementor-column-gap-default\">\n\t\t\t\t\t<div class=\"elementor-column elementor-col-100 elementor-top-column elementor-element elementor-element-bc51551\" data-id=\"bc51551\" data-element_type=\"column\">\n\t\t\t<div class=\"elementor-widget-wrap elementor-element-populated\">\n\t\t\t\t\t\t\t<\/div>\n\t\t<\/div>\n\t\t\t\t\t<\/div>\n\t\t<\/section>\n\t\t\t\t<\/div>\n\t\t","protected":false},"excerpt":{"rendered":"<p>Ajankohtaista Kev\u00e4\u00e4n kerhot! Ryhm\u00e4t alkavat 12.1.2026. Kev\u00e4\u00e4n toimintakausi 12.1.-19.4.2026.\u00a0 Tutut ryhm\u00e4t jatkavat: MAANANTAISIN 12.1.2026 ALKAEN: o\u00a0\u00a0\u00a0 Salibandy:klo 16:30-17:30 (8-10v) o\u00a0\u00a0\u00a0 Salibandy:klo 17:30-18:30 (5-7v) TIISTAISIN 13.1.2026 ALKAEN: o\u00a0\u00a0\u00a0 Akrojumppa:klo 16:30-17:30 (5-7 v.) o\u00a0\u00a0\u00a0 Akrojumppa:klo 17:30-18:30 (6-9 v.) TORSTAISIN 15.1.2026 ALKAEN: o\u00a0\u00a0\u00a0 Temppukoulut:klo 16:55-17:40 (3-4v) o\u00a0\u00a0\u00a0 Temppukoulu:klo 17:45-18:30 (5-7v) SUNNUNTAISIN 11.1.2026 ALKAEN: o\u00a0\u00a0\u00a0 Perhesporttis:\u00a0Perhesporttiksessa liikutaan vanhemman vastuulla,&hellip;&nbsp;<a href=\"https:\/\/siivikkalannuoret.fi\/?page_id=45\" class=\"\" rel=\"bookmark\">Lue lis\u00e4\u00e4 &raquo;<span class=\"screen-reader-text\">Ajankohtaista<\/span><\/a><\/p>\n","protected":false},"author":1,"featured_media":415,"parent":0,"menu_order":0,"comment_status":"closed","ping_status":"closed","template":"","meta":{"footnotes":""},"_links":{"self":[{"href":"https:\/\/siivikkalannuoret.fi\/index.php?rest_route=\/wp\/v2\/pages\/45"}],"collection":[{"href":"https:\/\/siivikkalannuoret.fi\/index.php?rest_route=\/wp\/v2\/pages"}],"about":[{"href":"https:\/\/siivikkalannuoret.fi\/index.php?rest_route=\/wp\/v2\/types\/page"}],"author":[{"embeddable":true,"href":"https:\/\/siivikkalannuoret.fi\/index.php?rest_route=\/wp\/v2\/users\/1"}],"replies":[{"embeddable":true,"href":"https:\/\/siivikkalannuoret.fi\/index.php?rest_route=%2Fwp%2Fv2%2Fcomments&post=45"}],"version-history":[{"count":123,"href":"https:\/\/siivikkalannuoret.fi\/index.php?rest_route=\/wp\/v2\/pages\/45\/revisions"}],"predecessor-version":[{"id":654,"href":"https:\/\/siivikkalannuoret.fi\/index.php?rest_route=\/wp\/v2\/pages\/45\/revisions\/654"}],"wp:featuredmedia":[{"embeddable":true,"href":"https:\/\/siivikkalannuoret.fi\/index.php?rest_route=\/wp\/v2\/media\/415"}],"wp:attachment":[{"href":"https:\/\/siivikkalannuoret.fi\/index.php?rest_route=%2Fwp%2Fv2%2Fmedia&parent=45"}],"curies":[{"name":"wp","href":"https:\/\/api.w.org\/{rel}","templated":true}]}}